{"id":2269,"date":"2022-01-25T10:57:09","date_gmt":"2022-01-25T09:57:09","guid":{"rendered":"https:\/\/www.aeritool.de\/our-partners\/"},"modified":"2022-01-31T14:06:26","modified_gmt":"2022-01-31T13:06:26","slug":"our-partners","status":"publish","type":"page","link":"https:\/\/www.aeritool.de\/en\/our-partners\/","title":{"rendered":"Our partners"},"content":{"rendered":"\t\t<div data-elementor-type=\"wp-page\" data-elementor-id=\"2269\" class=\"elementor elementor-2269 elementor-462\" data-elementor-post-type=\"page\">\n\t\t\t\t\t\t<section class=\"elementor-section elementor-top-section elementor-element elementor-element-35f9ab45 elementor-section-boxed elementor-section-height-default elementor-section-height-default\" data-id=\"35f9ab45\" data-element_type=\"section\" data-e-type=\"section\" data-settings=\"{&quot;background_background&quot;:&quot;classic&quot;}\">\n\t\t\t\t\t\t\t<div class=\"elementor-background-overlay\"><\/div>\n\t\t\t\t\t\t\t<div class=\"elementor-container elementor-column-gap-default\">\n\t\t\t\t\t<div class=\"elementor-column elementor-col-100 elementor-top-column elementor-element elementor-element-39d65dc7\" data-id=\"39d65dc7\" data-element_type=\"column\" data-e-type=\"column\">\n\t\t\t<div class=\"elementor-widget-wrap elementor-element-populated\">\n\t\t\t\t\t\t<section class=\"elementor-section elementor-inner-section elementor-element elementor-element-d599e87 elementor-section-boxed elementor-section-height-default elementor-section-height-default\" data-id=\"d599e87\" data-element_type=\"section\" data-e-type=\"section\">\n\t\t\t\t\t\t<div class=\"elementor-container elementor-column-gap-default\">\n\t\t\t\t\t<div class=\"elementor-column elementor-col-100 elementor-inner-column elementor-element elementor-element-491b26a4\" data-id=\"491b26a4\" data-element_type=\"column\" data-e-type=\"column\">\n\t\t\t<div class=\"elementor-widget-wrap elementor-element-populated\">\n\t\t\t\t\t\t<div class=\"elementor-element elementor-element-56977537 elementor-widget elementor-widget-heading\" data-id=\"56977537\" data-element_type=\"widget\" data-e-type=\"widget\" data-widget_type=\"heading.default\">\n\t\t\t\t<div class=\"elementor-widget-container\">\n\t\t\t\t\t<h2 class=\"elementor-heading-title elementor-size-large\">Our partners<\/h2>\t\t\t\t<\/div>\n\t\t\t\t<\/div>\n\t\t\t\t\t<\/div>\n\t\t<\/div>\n\t\t\t\t\t<\/div>\n\t\t<\/section>\n\t\t\t\t<section class=\"elementor-section elementor-inner-section elementor-element elementor-element-3b5987f1 elementor-reverse-tablet elementor-reverse-mobile elementor-section-boxed elementor-section-height-default elementor-section-height-default\" data-id=\"3b5987f1\" data-element_type=\"section\" data-e-type=\"section\" data-settings=\"{&quot;background_background&quot;:&quot;none&quot;}\">\n\t\t\t\t\t\t<div class=\"elementor-container elementor-column-gap-default\">\n\t\t\t\t\t<div class=\"elementor-column elementor-col-100 elementor-inner-column elementor-element elementor-element-6f1990a7\" data-id=\"6f1990a7\" data-element_type=\"column\" data-e-type=\"column\" data-settings=\"{&quot;background_background&quot;:&quot;classic&quot;}\">\n\t\t\t<div class=\"elementor-widget-wrap elementor-element-populated\">\n\t\t\t\t\t\t<div class=\"elementor-element elementor-element-35ac3d12 elementor-widget elementor-widget-text-editor\" data-id=\"35ac3d12\" data-element_type=\"widget\" data-e-type=\"widget\" data-widget_type=\"text-editor.default\">\n\t\t\t\t<div class=\"elementor-widget-container\">\n\t\t\t\t\t\t\t\t\t<h3><img decoding=\"async\" class=\"size-medium wp-image-696 alignnone\" src=\"https:\/\/www.aeritool.de\/wp-content\/uploads\/2019\/02\/Logo_Zeller-300x93.jpg\" alt=\" \" width=\"300\" height=\"93\" srcset=\"https:\/\/www.aeritool.de\/wp-content\/uploads\/2019\/02\/Logo_Zeller-300x93.jpg 300w, https:\/\/www.aeritool.de\/wp-content\/uploads\/2019\/02\/Logo_Zeller-768x239.jpg 768w, https:\/\/www.aeritool.de\/wp-content\/uploads\/2019\/02\/Logo_Zeller.jpg 1000w\" sizes=\"(max-width: 300px) 100vw, 300px\" \/><\/h3><h3>Zeller Nat\u00fcrlich-Gr\u00fcn<\/h3><p>is your partner for municipal decision-makers and sports clubs.<\/p><p>Since it was founded In 2009, the aim of Zeller Nat\u00fcrlich-Gr\u00fcn was to conserve environmental resources and to restore a biological balance in nature in the long term. Zeller natural green implements active environmental protection, ensures healthy soil and plant biology in all areas, prevents groundwater pollution and ensures active CO2 reduction. The offer is rounded off by professional services.<\/p><p>Strong growth thanks to strong partners and modern care and product innovations.<\/p><p>With experience in the care and renovation of lawns and sports fields, Zeller Nat\u00fcrlich-Gr\u00fcn is not only a competent partner for municipalities and sports clubs in Hesse, but also known beyond the Hessian borders. Zeller Nat\u00fcrlich-Gr\u00fcn was able to implement the concept of &#8220;proper maintenance and renovation instead of expensive renewal&#8221; in many regions.<\/p><p>Natural grass &#8211; better than its reputation<\/p><p>In times of tight budgets, natural grass pitches are becoming popular for many Sports clubs and municipalities are increasingly viewed as a financial burden. There is a growing trend towards the centralization of sports facilities. Despite the high acquisition costs of artificial turf and hybrid turf pitches, there is an increasing trend towards them. This has led to a sharp reduction in the number of grass sports fields in rural areas. Through constant further development of the care machines, care products, training courses and seminars, we are well on the way to maintaining the natural turf field cost-effectively for life.<\/p><p><a href=\"https:\/\/xn--zeller-natrlich-grn-fbci.de\/\" target=\"_blank\" rel=\"noopener\">Zeller Nat\u00fcrlich-Gr\u00fcn<\/a> Shows you the possibilities for cost-effective and lifelong maintenance of natural grass sports fields.<\/p>\t\t\t\t\t\t\t\t<\/div>\n\t\t\t\t<\/div>\n\t\t\t\t\t<\/div>\n\t\t<\/div>\n\t\t\t\t\t<\/div>\n\t\t<\/section>\n\t\t\t\t\t<\/div>\n\t\t<\/div>\n\t\t\t\t\t<\/div>\n\t\t<\/section>\n\t\t\t\t<\/div>\n\t\t","protected":false},"excerpt":{"rendered":"<p>Our partners Zeller Nat\u00fcrlich-Gr\u00fcn is your partner for municipal decision-makers and sports clubs. Since it was founded In 2009, the aim of Zeller Nat\u00fcrlich-Gr\u00fcn was to conserve environmental resources and to restore a biological balance in nature in the long &hellip; <a class=\"kt-excerpt-readmore\" href=\"https:\/\/www.aeritool.de\/en\/our-partners\/\" aria-label=\"Our partners\">Read More<\/a><\/p>\n","protected":false},"author":1,"featured_media":0,"parent":0,"menu_order":0,"comment_status":"closed","ping_status":"closed","template":"elementor_header_footer","meta":{"footnotes":""},"class_list":["post-2269","page","type-page","status-publish","hentry"],"_links":{"self":[{"href":"https:\/\/www.aeritool.de\/en\/wp-json\/wp\/v2\/pages\/2269","targetHints":{"allow":["GET"]}}],"collection":[{"href":"https:\/\/www.aeritool.de\/en\/wp-json\/wp\/v2\/pages"}],"about":[{"href":"https:\/\/www.aeritool.de\/en\/wp-json\/wp\/v2\/types\/page"}],"author":[{"embeddable":true,"href":"https:\/\/www.aeritool.de\/en\/wp-json\/wp\/v2\/users\/1"}],"replies":[{"embeddable":true,"href":"https:\/\/www.aeritool.de\/en\/wp-json\/wp\/v2\/comments?post=2269"}],"version-history":[{"count":0,"href":"https:\/\/www.aeritool.de\/en\/wp-json\/wp\/v2\/pages\/2269\/revisions"}],"wp:attachment":[{"href":"https:\/\/www.aeritool.de\/en\/wp-json\/wp\/v2\/media?parent=2269"}],"curies":[{"name":"wp","href":"https:\/\/api.w.org\/{rel}","templated":true}]}}